{"id":402,"date":"2021-12-02T16:11:00","date_gmt":"2021-12-02T15:11:00","guid":{"rendered":"https:\/\/carv.ovh\/?page_id=402"},"modified":"2021-12-19T08:49:59","modified_gmt":"2021-12-19T07:49:59","slug":"randonnees-en-pays-daunis","status":"publish","type":"page","link":"https:\/\/carv.ovh\/index.php\/randonnees-en-pays-daunis\/","title":{"rendered":"Randonn\u00e9es en Pays d&rsquo;Aunis"},"content":{"rendered":"\t\t<div data-elementor-type=\"wp-page\" data-elementor-id=\"402\" class=\"elementor elementor-402\">\n\t\t\t\t\t\t<section class=\"elementor-section elementor-top-section elementor-element elementor-element-1b4cdc0 elementor-section-full_width elementor-section-height-default elementor-section-height-default\" data-id=\"1b4cdc0\" data-element_type=\"section\" data-e-type=\"section\" data-settings=\"{&quot;background_background&quot;:&quot;classic&quot;}\">\n\t\t\t\t\t\t<div class=\"elementor-container elementor-column-gap-default\">\n\t\t\t\t\t<div class=\"elementor-column elementor-col-14 elementor-top-column elementor-element elementor-element-4e19366\" data-id=\"4e19366\" data-element_type=\"column\" data-e-type=\"column\" data-settings=\"{&quot;background_background&quot;:&quot;classic&quot;}\">\n\t\t\t<div class=\"elementor-widget-wrap elementor-element-populated\">\n\t\t\t\t\t\t<div class=\"elementor-element elementor-element-06f5bea elementor-widget elementor-widget-heading\" data-id=\"06f5bea\" data-element_type=\"widget\" data-e-type=\"widget\" data-widget_type=\"heading.default\">\n\t\t\t\t<div class=\"elementor-widget-container\">\n\t\t\t\t\t<h6 class=\"elementor-heading-title elementor-size-default\"><a href=\"https:\/\/carv.ovh\/\">Accueil<\/a><\/h6>\t\t\t\t<\/div>\n\t\t\t\t<\/div>\n\t\t\t\t\t<\/div>\n\t\t<\/div>\n\t\t\t\t<div class=\"elementor-column elementor-col-14 elementor-top-column elementor-element elementor-element-8151ed9\" data-id=\"8151ed9\" data-element_type=\"column\" data-e-type=\"column\" data-settings=\"{&quot;background_background&quot;:&quot;classic&quot;}\">\n\t\t\t<div class=\"elementor-widget-wrap elementor-element-populated\">\n\t\t\t\t\t\t<div class=\"elementor-element elementor-element-5aed23b elementor-widget elementor-widget-heading\" data-id=\"5aed23b\" data-element_type=\"widget\" data-e-type=\"widget\" data-widget_type=\"heading.default\">\n\t\t\t\t<div class=\"elementor-widget-container\">\n\t\t\t\t\t<h6 class=\"elementor-heading-title elementor-size-default\"><a href=\"https:\/\/carv.ovh\/index.php\/mon-cursus-velo\/\">Mon cursus v\u00e9lo<\/a><\/h6>\t\t\t\t<\/div>\n\t\t\t\t<\/div>\n\t\t\t\t\t<\/div>\n\t\t<\/div>\n\t\t\t\t<div class=\"elementor-column elementor-col-14 elementor-top-column elementor-element elementor-element-1eff4d8\" data-id=\"1eff4d8\" data-element_type=\"column\" data-e-type=\"column\" data-settings=\"{&quot;background_background&quot;:&quot;classic&quot;}\">\n\t\t\t<div class=\"elementor-widget-wrap elementor-element-populated\">\n\t\t\t\t\t\t<div class=\"elementor-element elementor-element-d9ca373 elementor-widget elementor-widget-heading\" data-id=\"d9ca373\" data-element_type=\"widget\" data-e-type=\"widget\" data-widget_type=\"heading.default\">\n\t\t\t\t<div class=\"elementor-widget-container\">\n\t\t\t\t\t<h6 class=\"elementor-heading-title elementor-size-default\"><a href=\"https:\/\/carv.ovh\/index.php\/entretien\/\">Entretien<\/a><\/h6>\t\t\t\t<\/div>\n\t\t\t\t<\/div>\n\t\t\t\t\t<\/div>\n\t\t<\/div>\n\t\t\t\t<div class=\"elementor-column elementor-col-14 elementor-top-column elementor-element elementor-element-34130de\" data-id=\"34130de\" data-element_type=\"column\" data-e-type=\"column\">\n\t\t\t<div class=\"elementor-widget-wrap elementor-element-populated\">\n\t\t\t\t\t\t<div class=\"elementor-element elementor-element-590e0d6 elementor-widget elementor-widget-heading\" data-id=\"590e0d6\" data-element_type=\"widget\" data-e-type=\"widget\" data-widget_type=\"heading.default\">\n\t\t\t\t<div class=\"elementor-widget-container\">\n\t\t\t\t\t<h6 class=\"elementor-heading-title elementor-size-default\"><a href=\"https:\/\/carv.ovh\/index.php\/reparation\/\">R\u00e9paration<\/a><\/h6>\t\t\t\t<\/div>\n\t\t\t\t<\/div>\n\t\t\t\t\t<\/div>\n\t\t<\/div>\n\t\t\t\t<div class=\"elementor-column elementor-col-14 elementor-top-column elementor-element elementor-element-806467d\" data-id=\"806467d\" data-element_type=\"column\" data-e-type=\"column\" data-settings=\"{&quot;background_background&quot;:&quot;classic&quot;}\">\n\t\t\t<div class=\"elementor-widget-wrap elementor-element-populated\">\n\t\t\t\t\t\t<div class=\"elementor-element elementor-element-333f53d elementor-widget elementor-widget-heading\" data-id=\"333f53d\" data-element_type=\"widget\" data-e-type=\"widget\" data-widget_type=\"heading.default\">\n\t\t\t\t<div class=\"elementor-widget-container\">\n\t\t\t\t\t<h6 class=\"elementor-heading-title elementor-size-default\"><a href=\"https:\/\/carv.ovh\/index.php\/customisation\/\">Customisation<\/a><\/h6>\t\t\t\t<\/div>\n\t\t\t\t<\/div>\n\t\t\t\t\t<\/div>\n\t\t<\/div>\n\t\t\t\t<div class=\"elementor-column elementor-col-14 elementor-top-column elementor-element elementor-element-a232282\" data-id=\"a232282\" data-element_type=\"column\" data-e-type=\"column\" data-settings=\"{&quot;background_background&quot;:&quot;classic&quot;}\">\n\t\t\t<div class=\"elementor-widget-wrap elementor-element-populated\">\n\t\t\t\t\t\t<div class=\"elementor-element elementor-element-8d39f03 elementor-widget elementor-widget-heading\" data-id=\"8d39f03\" data-element_type=\"widget\" data-e-type=\"widget\" data-widget_type=\"heading.default\">\n\t\t\t\t<div class=\"elementor-widget-container\">\n\t\t\t\t\t<h6 class=\"elementor-heading-title elementor-size-default\"><a href=\"https:\/\/carv.ovh\/index.php\/randonnees-en-pays-daunis\/\">Randonn\u00e9es  en Pays D'Aunis<\/a><\/h6>\t\t\t\t<\/div>\n\t\t\t\t<\/div>\n\t\t\t\t\t<\/div>\n\t\t<\/div>\n\t\t\t\t<div class=\"elementor-column elementor-col-14 elementor-top-column elementor-element elementor-element-062a585\" data-id=\"062a585\" data-element_type=\"column\" data-e-type=\"column\">\n\t\t\t<div class=\"elementor-widget-wrap elementor-element-populated\">\n\t\t\t\t\t\t<div class=\"elementor-element elementor-element-f2efcaf elementor-widget elementor-widget-heading\" data-id=\"f2efcaf\" data-element_type=\"widget\" data-e-type=\"widget\" data-widget_type=\"heading.default\">\n\t\t\t\t<div class=\"elementor-widget-container\">\n\t\t\t\t\t<h6 class=\"elementor-heading-title elementor-size-default\"><a href=\"https:\/\/carv.ovh\/index.php\/contact\/\">Contact<\/a><\/h6>\t\t\t\t<\/div>\n\t\t\t\t<\/div>\n\t\t\t\t\t<\/div>\n\t\t<\/div>\n\t\t\t\t\t<\/div>\n\t\t<\/section>\n\t\t\t\t<section class=\"elementor-section elementor-top-section elementor-element elementor-element-ae4c713 elementor-section-full_width elementor-section-height-default elementor-section-height-default\" data-id=\"ae4c713\" data-element_type=\"section\" data-e-type=\"section\">\n\t\t\t\t\t\t<div class=\"elementor-container elementor-column-gap-default\">\n\t\t\t\t\t<div class=\"elementor-column elementor-col-100 elementor-top-column elementor-element elementor-element-bffbe38\" data-id=\"bffbe38\" data-element_type=\"column\" data-e-type=\"column\">\n\t\t\t<div class=\"elementor-widget-wrap elementor-element-populated\">\n\t\t\t\t\t\t<div class=\"elementor-element elementor-element-9f86771 elementor-widget elementor-widget-text-editor\" data-id=\"9f86771\" data-element_type=\"widget\" data-e-type=\"widget\" data-widget_type=\"text-editor.default\">\n\t\t\t\t<div class=\"elementor-widget-container\">\n\t\t\t\t\t\t\t\t\t<h1>Sur cette section je vais vous proposer des sorties VTT , Route ou autres, bref ce que je trouverai, pour profiter, de bons moments de libert\u00e9&#8230;.<\/h1>\t\t\t\t\t\t\t\t<\/div>\n\t\t\t\t<\/div>\n\t\t\t\t\t<\/div>\n\t\t<\/div>\n\t\t\t\t\t<\/div>\n\t\t<\/section>\n\t\t\t\t<section class=\"elementor-section elementor-top-section elementor-element elementor-element-31f6fb1 elementor-section-boxed elementor-section-height-default elementor-section-height-default\" data-id=\"31f6fb1\" data-element_type=\"section\" data-e-type=\"section\">\n\t\t\t\t\t\t<div class=\"elementor-container elementor-column-gap-default\">\n\t\t\t\t\t<div class=\"elementor-column elementor-col-50 elementor-top-column elementor-element elementor-element-4b6857a\" data-id=\"4b6857a\" data-element_type=\"column\" data-e-type=\"column\">\n\t\t\t<div class=\"elementor-widget-wrap elementor-element-populated\">\n\t\t\t\t\t\t<div class=\"elementor-element elementor-element-d4568f5 elementor-widget elementor-widget-heading\" data-id=\"d4568f5\" data-element_type=\"widget\" data-e-type=\"widget\" data-widget_type=\"heading.default\">\n\t\t\t\t<div class=\"elementor-widget-container\">\n\t\t\t\t\t<h2 class=\"elementor-heading-title elementor-size-default\"><a href=\"https:\/\/www.visorando.com\/randonnee-aigrefeuille-d-aunis.htm\">Suivez le rider<\/a><\/h2>\t\t\t\t<\/div>\n\t\t\t\t<\/div>\n\t\t\t\t<div class=\"elementor-element elementor-element-04d3c27 elementor-view-default elementor-position-block-start elementor-mobile-position-block-start elementor-widget elementor-widget-icon-box\" data-id=\"04d3c27\" data-element_type=\"widget\" data-e-type=\"widget\" data-widget_type=\"icon-box.default\">\n\t\t\t\t<div class=\"elementor-widget-container\">\n\t\t\t\t\t\t\t<div class=\"elementor-icon-box-wrapper\">\n\n\t\t\t\t\t\t<div class=\"elementor-icon-box-icon\">\n\t\t\t\t<span  class=\"elementor-icon\">\n\t\t\t\t<i aria-hidden=\"true\" class=\"fas fa-biking\"><\/i>\t\t\t\t<\/span>\n\t\t\t<\/div>\n\t\t\t\n\t\t\t\n\t\t<\/div>\n\t\t\t\t\t\t<\/div>\n\t\t\t\t<\/div>\n\t\t\t\t\t<\/div>\n\t\t<\/div>\n\t\t\t\t<div class=\"elementor-column elementor-col-50 elementor-top-column elementor-element elementor-element-04aa195\" data-id=\"04aa195\" data-element_type=\"column\" data-e-type=\"column\">\n\t\t\t<div class=\"elementor-widget-wrap elementor-element-populated\">\n\t\t\t\t\t\t<div class=\"elementor-element elementor-element-3dcb161 elementor-widget elementor-widget-heading\" data-id=\"3dcb161\" data-element_type=\"widget\" data-e-type=\"widget\" data-widget_type=\"heading.default\">\n\t\t\t\t<div class=\"elementor-widget-container\">\n\t\t\t\t\t<h2 class=\"elementor-heading-title elementor-size-default\"><a href=\"https:\/\/www.visorando.com\/randonnee-aigrefeuille-d-aunis.htm\">Randonn\u00e9es sur Aigrefeuille<\/a><\/h2>\t\t\t\t<\/div>\n\t\t\t\t<\/div>\n\t\t\t\t\t<\/div>\n\t\t<\/div>\n\t\t\t\t\t<\/div>\n\t\t<\/section>\n\t\t\t\t<section class=\"elementor-section elementor-top-section elementor-element elementor-element-1bb21b0 elementor-section-boxed elementor-section-height-default elementor-section-height-default\" data-id=\"1bb21b0\" data-element_type=\"section\" data-e-type=\"section\">\n\t\t\t\t\t\t<div class=\"elementor-container elementor-column-gap-default\">\n\t\t\t\t\t<div class=\"elementor-column elementor-col-50 elementor-top-column elementor-element elementor-element-f028812\" data-id=\"f028812\" data-element_type=\"column\" data-e-type=\"column\">\n\t\t\t<div class=\"elementor-widget-wrap elementor-element-populated\">\n\t\t\t\t\t\t<div class=\"elementor-element elementor-element-48aa6ca elementor-widget elementor-widget-heading\" data-id=\"48aa6ca\" data-element_type=\"widget\" data-e-type=\"widget\" data-widget_type=\"heading.default\">\n\t\t\t\t<div class=\"elementor-widget-container\">\n\t\t\t\t\t<h2 class=\"elementor-heading-title elementor-size-default\"><a href=\"https:\/\/aunis-sud.fr\/je-decouvre-aunis-sud\/a-deux-roues\/les-circuits-velo\/\">Suivez le rider<\/a><\/h2>\t\t\t\t<\/div>\n\t\t\t\t<\/div>\n\t\t\t\t<div class=\"elementor-element elementor-element-4671b3f elementor-view-default elementor-position-block-start elementor-mobile-position-block-start elementor-widget elementor-widget-icon-box\" data-id=\"4671b3f\" data-element_type=\"widget\" data-e-type=\"widget\" data-widget_type=\"icon-box.default\">\n\t\t\t\t<div class=\"elementor-widget-container\">\n\t\t\t\t\t\t\t<div class=\"elementor-icon-box-wrapper\">\n\n\t\t\t\t\t\t<div class=\"elementor-icon-box-icon\">\n\t\t\t\t<span  class=\"elementor-icon\">\n\t\t\t\t<i aria-hidden=\"true\" class=\"fas fa-biking\"><\/i>\t\t\t\t<\/span>\n\t\t\t<\/div>\n\t\t\t\n\t\t\t\n\t\t<\/div>\n\t\t\t\t\t\t<\/div>\n\t\t\t\t<\/div>\n\t\t\t\t\t<\/div>\n\t\t<\/div>\n\t\t\t\t<div class=\"elementor-column elementor-col-50 elementor-top-column elementor-element elementor-element-33749ce\" data-id=\"33749ce\" data-element_type=\"column\" data-e-type=\"column\">\n\t\t\t<div class=\"elementor-widget-wrap elementor-element-populated\">\n\t\t\t\t\t\t<div class=\"elementor-element elementor-element-88606b8 elementor-widget elementor-widget-heading\" data-id=\"88606b8\" data-element_type=\"widget\" data-e-type=\"widget\" data-widget_type=\"heading.default\">\n\t\t\t\t<div class=\"elementor-widget-container\">\n\t\t\t\t\t<h2 class=\"elementor-heading-title elementor-size-default\"><a href=\"https:\/\/aunis-sud.fr\/je-decouvre-aunis-sud\/a-deux-roues\/les-circuits-velo\/\">Je d\u00e9couvre l'Aunis<\/a><\/h2>\t\t\t\t<\/div>\n\t\t\t\t<\/div>\n\t\t\t\t\t<\/div>\n\t\t<\/div>\n\t\t\t\t\t<\/div>\n\t\t<\/section>\n\t\t\t\t<\/div>\n\t\t","protected":false},"excerpt":{"rendered":"<p>Accueil Mon cursus v\u00e9lo Entretien R\u00e9paration Customisation Randonn\u00e9es en Pays D&rsquo;Aunis Contact Sur cette section je vais vous proposer des sorties VTT [&hellip;]<\/p>\n","protected":false},"author":1,"featured_media":0,"parent":0,"menu_order":0,"comment_status":"closed","ping_status":"closed","template":"elementor_canvas","meta":{"footnotes":""},"class_list":["post-402","page","type-page","status-publish","hentry"],"yoast_head":"<!-- This site is optimized with the Yoast SEO plugin v26.4 - https:\/\/yoast.com\/wordpress\/plugins\/seo\/ -->\n<title>CARV - Conseil pour les randonn\u00e9es de v\u00e9lo autour de La Rochelle<\/title>\n<meta name=\"description\" content=\"Nous nous d\u00e9pla\u00e7ons dans un rayon de 30 km autour de La Rochelle pour vous proposer des randonn\u00e9es de v\u00e9lo. Customisation, entretien et conseil.\" \/>\n<meta name=\"robots\" content=\"index, follow, max-snippet:-1, max-image-preview:large, max-video-preview:-1\" \/>\n<link rel=\"canonical\" href=\"https:\/\/carv.ovh\/index.php\/randonnees-en-pays-daunis\/\" \/>\n<meta property=\"og:locale\" content=\"fr_FR\" \/>\n<meta property=\"og:type\" content=\"article\" \/>\n<meta property=\"og:title\" content=\"CARV - Conseil pour les randonn\u00e9es de v\u00e9lo autour de La Rochelle\" \/>\n<meta property=\"og:description\" content=\"Nous nous d\u00e9pla\u00e7ons dans un rayon de 30 km autour de La Rochelle pour vous proposer des randonn\u00e9es de v\u00e9lo. Customisation, entretien et conseil.\" \/>\n<meta property=\"og:url\" content=\"https:\/\/carv.ovh\/index.php\/randonnees-en-pays-daunis\/\" \/>\n<meta property=\"og:site_name\" content=\"Boutique en Ligne V\u00e9lo Avenir\" \/>\n<meta property=\"article:modified_time\" content=\"2021-12-19T07:49:59+00:00\" \/>\n<meta name=\"twitter:card\" content=\"summary_large_image\" \/>\n<meta name=\"twitter:label1\" content=\"Dur\u00e9e de lecture estim\u00e9e\" \/>\n\t<meta name=\"twitter:data1\" content=\"1 minute\" \/>\n<script type=\"application\/ld+json\" class=\"yoast-schema-graph\">{\"@context\":\"https:\/\/schema.org\",\"@graph\":[{\"@type\":\"WebPage\",\"@id\":\"https:\/\/carv.ovh\/index.php\/randonnees-en-pays-daunis\/\",\"url\":\"https:\/\/carv.ovh\/index.php\/randonnees-en-pays-daunis\/\",\"name\":\"CARV - Conseil pour les randonn\u00e9es de v\u00e9lo autour de La Rochelle\",\"isPartOf\":{\"@id\":\"https:\/\/carv.ovh\/#website\"},\"datePublished\":\"2021-12-02T15:11:00+00:00\",\"dateModified\":\"2021-12-19T07:49:59+00:00\",\"description\":\"Nous nous d\u00e9pla\u00e7ons dans un rayon de 30 km autour de La Rochelle pour vous proposer des randonn\u00e9es de v\u00e9lo. Customisation, entretien et conseil.\",\"breadcrumb\":{\"@id\":\"https:\/\/carv.ovh\/index.php\/randonnees-en-pays-daunis\/#breadcrumb\"},\"inLanguage\":\"fr-FR\",\"potentialAction\":[{\"@type\":\"ReadAction\",\"target\":[\"https:\/\/carv.ovh\/index.php\/randonnees-en-pays-daunis\/\"]}]},{\"@type\":\"BreadcrumbList\",\"@id\":\"https:\/\/carv.ovh\/index.php\/randonnees-en-pays-daunis\/#breadcrumb\",\"itemListElement\":[{\"@type\":\"ListItem\",\"position\":1,\"name\":\"Accueil\",\"item\":\"https:\/\/carv.ovh\/\"},{\"@type\":\"ListItem\",\"position\":2,\"name\":\"Randonn\u00e9es en Pays d&rsquo;Aunis\"}]},{\"@type\":\"WebSite\",\"@id\":\"https:\/\/carv.ovh\/#website\",\"url\":\"https:\/\/carv.ovh\/\",\"name\":\"Boutique en Ligne V\u00e9lo Avenir\",\"description\":\"\",\"potentialAction\":[{\"@type\":\"SearchAction\",\"target\":{\"@type\":\"EntryPoint\",\"urlTemplate\":\"https:\/\/carv.ovh\/?s={search_term_string}\"},\"query-input\":{\"@type\":\"PropertyValueSpecification\",\"valueRequired\":true,\"valueName\":\"search_term_string\"}}],\"inLanguage\":\"fr-FR\"}]}<\/script>\n<!-- \/ Yoast SEO plugin. -->","yoast_head_json":{"title":"CARV - Conseil pour les randonn\u00e9es de v\u00e9lo autour de La Rochelle","description":"Nous nous d\u00e9pla\u00e7ons dans un rayon de 30 km autour de La Rochelle pour vous proposer des randonn\u00e9es de v\u00e9lo. Customisation, entretien et conseil.","robots":{"index":"index","follow":"follow","max-snippet":"max-snippet:-1","max-image-preview":"max-image-preview:large","max-video-preview":"max-video-preview:-1"},"canonical":"https:\/\/carv.ovh\/index.php\/randonnees-en-pays-daunis\/","og_locale":"fr_FR","og_type":"article","og_title":"CARV - Conseil pour les randonn\u00e9es de v\u00e9lo autour de La Rochelle","og_description":"Nous nous d\u00e9pla\u00e7ons dans un rayon de 30 km autour de La Rochelle pour vous proposer des randonn\u00e9es de v\u00e9lo. Customisation, entretien et conseil.","og_url":"https:\/\/carv.ovh\/index.php\/randonnees-en-pays-daunis\/","og_site_name":"Boutique en Ligne V\u00e9lo Avenir","article_modified_time":"2021-12-19T07:49:59+00:00","twitter_card":"summary_large_image","twitter_misc":{"Dur\u00e9e de lecture estim\u00e9e":"1 minute"},"schema":{"@context":"https:\/\/schema.org","@graph":[{"@type":"WebPage","@id":"https:\/\/carv.ovh\/index.php\/randonnees-en-pays-daunis\/","url":"https:\/\/carv.ovh\/index.php\/randonnees-en-pays-daunis\/","name":"CARV - Conseil pour les randonn\u00e9es de v\u00e9lo autour de La Rochelle","isPartOf":{"@id":"https:\/\/carv.ovh\/#website"},"datePublished":"2021-12-02T15:11:00+00:00","dateModified":"2021-12-19T07:49:59+00:00","description":"Nous nous d\u00e9pla\u00e7ons dans un rayon de 30 km autour de La Rochelle pour vous proposer des randonn\u00e9es de v\u00e9lo. Customisation, entretien et conseil.","breadcrumb":{"@id":"https:\/\/carv.ovh\/index.php\/randonnees-en-pays-daunis\/#breadcrumb"},"inLanguage":"fr-FR","potentialAction":[{"@type":"ReadAction","target":["https:\/\/carv.ovh\/index.php\/randonnees-en-pays-daunis\/"]}]},{"@type":"BreadcrumbList","@id":"https:\/\/carv.ovh\/index.php\/randonnees-en-pays-daunis\/#breadcrumb","itemListElement":[{"@type":"ListItem","position":1,"name":"Accueil","item":"https:\/\/carv.ovh\/"},{"@type":"ListItem","position":2,"name":"Randonn\u00e9es en Pays d&rsquo;Aunis"}]},{"@type":"WebSite","@id":"https:\/\/carv.ovh\/#website","url":"https:\/\/carv.ovh\/","name":"Boutique en Ligne V\u00e9lo Avenir","description":"","potentialAction":[{"@type":"SearchAction","target":{"@type":"EntryPoint","urlTemplate":"https:\/\/carv.ovh\/?s={search_term_string}"},"query-input":{"@type":"PropertyValueSpecification","valueRequired":true,"valueName":"search_term_string"}}],"inLanguage":"fr-FR"}]}},"_links":{"self":[{"href":"https:\/\/carv.ovh\/index.php\/wp-json\/wp\/v2\/pages\/402","targetHints":{"allow":["GET"]}}],"collection":[{"href":"https:\/\/carv.ovh\/index.php\/wp-json\/wp\/v2\/pages"}],"about":[{"href":"https:\/\/carv.ovh\/index.php\/wp-json\/wp\/v2\/types\/page"}],"author":[{"embeddable":true,"href":"https:\/\/carv.ovh\/index.php\/wp-json\/wp\/v2\/users\/1"}],"replies":[{"embeddable":true,"href":"https:\/\/carv.ovh\/index.php\/wp-json\/wp\/v2\/comments?post=402"}],"version-history":[{"count":26,"href":"https:\/\/carv.ovh\/index.php\/wp-json\/wp\/v2\/pages\/402\/revisions"}],"predecessor-version":[{"id":614,"href":"https:\/\/carv.ovh\/index.php\/wp-json\/wp\/v2\/pages\/402\/revisions\/614"}],"wp:attachment":[{"href":"https:\/\/carv.ovh\/index.php\/wp-json\/wp\/v2\/media?parent=402"}],"curies":[{"name":"wp","href":"https:\/\/api.w.org\/{rel}","templated":true}]}}